{"id":73,"date":"2021-09-20T08:06:04","date_gmt":"2021-09-20T08:06:04","guid":{"rendered":"http:\/\/sustinwater.icpm.tuiasi.ro\/?page_id=73"},"modified":"2023-11-29T05:49:57","modified_gmt":"2023-11-29T05:49:57","slug":"rezultate","status":"publish","type":"page","link":"https:\/\/sustinwater.icpm.tuiasi.ro\/index.php\/rezultate\/","title":{"rendered":"Activitati \u0219i Rezultate a\u0219teptate"},"content":{"rendered":"\n<p id=\"top\"><\/p>\n\n\n\n<p><a href=\"#etapa1\" data-type=\"internal\" data-id=\"#etapa1\">Etapa 1<\/a>, <a href=\"#etapa2\" data-type=\"internal\" data-id=\"#etapa2\">Etapa 2<\/a>, <a href=\"#etapa3\" data-type=\"internal\" data-id=\"#etapa3\">Etapa 3<\/a><\/p>\n\n\n\n<p id=\"etapa1\"><strong>Etapa 1. Analiza performan\u021belor proceselor de epurare a apelor uzate. Sinteza si caracterizarea materialelor inovative adsorbante de tip compozit. Diseminarea rezultatelor proiectului<\/strong><\/p>\n\n\n\n<p><\/p>\n\n\n\n<p>A.1.1. Analiza performan\u021belor tehnice \u0219i de mediu actuale ale proceselor de epurare a apelor uzate \u00een ceea ce prive\u0219te eliminarea poluan\u021bilor prioritari \u0219i emergen\u021bi. Proiectarea \u0219i elaborarea unei pagini web a proiectului<\/p>\n\n\n\n<p>A1.2. Proiectarea \u0219i sinteza materialelor compozite inovative cu miez anorganic \u0219i invelispolielectrolitic pentru \u00eendep\u0103rtarea poluan\u021bilor prioritari \u0219i emergen\u021bi studiati<\/p>\n\n\n\n<p>A.1.3. Caracterizarea materialelor adsorbante inovative de tip compozit<\/p>\n\n\n\n<p><strong> REZULTATE ASTEPTATE ETAPA 1:<\/strong><\/p>\n\n\n\n<ul><li> 2 articole publicate in reviste cotate ISI ,<\/li><li>1 stagiu de cercetare,<\/li><li>2 prezent\u0103ri la conferin\u021be interna\u021bionale,<\/li><li>1 raport \u0219tiin\u021bific si financiar<\/li><\/ul>\n\n\n\n<p><a href=\"http:\/\/sustinwater.icpm.tuiasi.ro\/index.php\/etapa-1\/\">Salt la REZULTATELE ETAPEI 1<\/a><\/p>\n\n\n\n<p id=\"etapa2\"><strong>Etapa 2. Monitorizarea concentra\u021biilor de poluan\u021bi prioritari \/ emergen\u021bi. Testarea sorbentilor (\u00een regim static) \u0219i evaluarea performan\u021belor de mediu ale sorbentilor inovativi. Diseminarea rezultatelor proiectului<\/strong><\/p>\n\n\n\n<p>A.2.1. Monitorizarea concentra\u021biilor poluan\u021bilor prioritari \u0219i emergen\u021bi \u00een efluen\u021bii sta\u021biei de epurare a apelor uzate municipale \u0219i \u00een apele de suprafa\u021b\u0103.<\/p>\n\n\n\n<p>A.2.2. Testarea sorben\u021bilor inovativi utilizand apa uzata sintetic\u0103 \u0219i reala, \u00een regim static, pentru \u00eendep\u0103rtarea secven\u021bial\u0103 sau simultan\u0103 a poluan\u021bilor prioritari \u0219i emergen\u021bi<\/p>\n\n\n\n<p>A.2.3. Evaluarea performan\u021belor de mediu pentru sinteza \u0219i testarea materialelor inovative \u00een regim static<\/p>\n\n\n\n<p> <strong>REZULTATE ASTEPTATE ETAPA 2:<\/strong> <\/p>\n\n\n\n<ul><li>2 articole publicate in reviste cotate ISI cu factor de impact,<\/li><li>1 stagiu de cercetare,<\/li><li>2 prezentari la conferin\u021be internationale,<\/li><li>1 raport financiar si stiintific<\/li><\/ul>\n\n\n\n<p>Salt la  <a href=\"http:\/\/sustinwater.icpm.tuiasi.ro\/index.php\/rezultatele-proiectului\/rezultate-etapa-2-2022\/\" data-type=\"page\" data-id=\"1072\">REZULTATELE ETAPEI 2<\/a> <\/p>\n\n\n\n<p id=\"etapa3\"><strong>Etapa 3. Testarea sorbentilor in regim dinamic (coloana). Evaluarea performan\u021belor de mediu ale materialelor adsorbante inovative. Analiza scenariilor de proiectare ecologic\u0103. Diseminarea rezultatelor proiectului<\/strong><\/p>\n\n\n\n<p>A.3.1. Testarea sorbentilor inovativi pe ap\u0103 uzata sintetic\u0103 \u0219i reala, \u00een regim de dinamic (coloana), pentru \u00eendep\u0103rtarea secven\u021bial\u0103 sau simultan\u0103 a poluan\u021bilor prioritari \u0219i emergen\u021bi<\/p>\n\n\n\n<p>A.3.2. Evaluarea performan\u021belor de mediu pentru testarea materialelor inovative \u00een regim dinamic (coloana)<\/p>\n\n\n\n<p>A.3.3. Scenarii de proiectare ecologic\u0103 pentru \u00eembun\u0103t\u0103\u021birea performan\u021belor de mediu ale materialelor<\/p>\n\n\n\n<p> <strong>REZULTATE ASTEPTATE ETAPA 3:<\/strong> <\/p>\n\n\n\n<ul><li>2 articole publicate in reviste cotate ISI cu factor de impact,<\/li><li>1 prezentare la conferin\u021ba interna\u021bional\u0103,<\/li><li>1 raport financiar si \u0219tiin\u021bific<\/li><\/ul>\n\n\n\n<p> Salt la  <a href=\"https:\/\/sustinwater.icpm.tuiasi.ro\/index.php\/rezultatele-proiectului\/rezultate-etapa-3\/\">REZULTATELE ETAPEI 3<\/a>  <\/p>\n\n\n\n<p><a href=\"#top\" data-type=\"internal\" data-id=\"#top\">go to top<\/a><\/p>\n","protected":false},"excerpt":{"rendered":"<p>Etapa 1, Etapa 2, Etapa 3 Etapa 1. Analiza performan\u021belor proceselor de epurare a apelor uzate. Sinteza si caracterizarea materialelor inovative adsorbante de tip compozit. Diseminarea rezultatelor proiectului A.1.1. Analiza performan\u021belor tehnice \u0219i de mediu actuale ale proceselor de epurare a apelor uzate \u00een ceea ce prive\u0219te eliminarea poluan\u021bilor prioritari \u0219i emergen\u021bi. Proiectarea \u0219i elaborarea &hellip; <a href=\"https:\/\/sustinwater.icpm.tuiasi.ro\/index.php\/rezultate\/\" class=\"more-link\">Continue reading <span class=\"screen-reader-text\">Activitati \u0219i Rezultate a\u0219teptate<\/span><\/a><\/p>\n","protected":false},"author":1,"featured_media":0,"parent":0,"menu_order":0,"comment_status":"closed","ping_status":"closed","template":"","meta":[],"_links":{"self":[{"href":"https:\/\/sustinwater.icpm.tuiasi.ro\/index.php\/wp-json\/wp\/v2\/pages\/73"}],"collection":[{"href":"https:\/\/sustinwater.icpm.tuiasi.ro\/index.php\/wp-json\/wp\/v2\/pages"}],"about":[{"href":"https:\/\/sustinwater.icpm.tuiasi.ro\/index.php\/wp-json\/wp\/v2\/types\/page"}],"author":[{"embeddable":true,"href":"https:\/\/sustinwater.icpm.tuiasi.ro\/index.php\/wp-json\/wp\/v2\/users\/1"}],"replies":[{"embeddable":true,"href":"https:\/\/sustinwater.icpm.tuiasi.ro\/index.php\/wp-json\/wp\/v2\/comments?post=73"}],"version-history":[{"count":19,"href":"https:\/\/sustinwater.icpm.tuiasi.ro\/index.php\/wp-json\/wp\/v2\/pages\/73\/revisions"}],"predecessor-version":[{"id":1385,"href":"https:\/\/sustinwater.icpm.tuiasi.ro\/index.php\/wp-json\/wp\/v2\/pages\/73\/revisions\/1385"}],"wp:attachment":[{"href":"https:\/\/sustinwater.icpm.tuiasi.ro\/index.php\/wp-json\/wp\/v2\/media?parent=73"}],"curies":[{"name":"wp","href":"https:\/\/api.w.org\/{rel}","templated":true}]}}