{"id":67,"date":"2021-09-20T08:05:31","date_gmt":"2021-09-20T08:05:31","guid":{"rendered":"http:\/\/sustinwater.icpm.tuiasi.ro\/?page_id=67"},"modified":"2021-09-23T08:12:54","modified_gmt":"2021-09-23T08:12:54","slug":"obiective-si-activitati","status":"publish","type":"page","link":"https:\/\/sustinwater.icpm.tuiasi.ro\/index.php\/obiective-si-activitati\/","title":{"rendered":"Obiectivele proiectului"},"content":{"rendered":"\n<p><strong>Obiectivul general al proiectului SUSTINWATER \u00eel constituie <strong>abordarea integrat\u0103 tehnic\u0103 \u0219i de eco-proiectare pentru sinteza \u0219i utilizarea materialelor inovative de tip compozite anorganice \/ polielectroliti pentru eliminarea simultan\u0103 a poluan\u021bilor prioritari \u0219i emergen\u021bi din apele uzate, reduc\u00e2nd astfel impacturile de mediu ale materialelor \u0219i apelor uzate<\/strong><\/strong><\/p>\n\n\n\n<p><strong>Obiectivele specifice:<\/strong><\/p>\n\n\n\n<ul><li>OS1: Proiectarea, sinteza, caracterizarea \u0219i testarea sorbentilor de tip compozit multifunc\u021bional cu miez anorganic \u0219i \u00eenveli\u0219 complex de poliioni pentru \u00eendep\u0103rtarea poluan\u021bilor prioritari \u0219i emergen\u021bi din apele uzate;<\/li><li>OS2: Monitorizarea poluan\u021bilor prioritari \u0219i emergen\u021bi si evaluarea performan\u021belor tehnice \u0219i de mediu in \u00a0epurarea avansata a apelor uzate;<\/li><li>OS3: Utilizarea principiilor de proiectare ecologic\u0103 \u0219i evaluarea performan\u021belor de mediu pentru proiectarea, sinteza, testarea, reutilizarea \u0219i utilizarea final\u0103 in ciclul materialului inovativ;<\/li><li>OS4: Diseminarea rezultatelor cercet\u0103rii la nivel interna\u021bional \/ na\u021bional; promovarea abilit\u0103\u021bilor interdisciplinare \u0219i a dezvolt\u0103rii profesionale a cercet\u0103torilor.<\/li><\/ul>\n\n\n\n<p><\/p>\n","protected":false},"excerpt":{"rendered":"<p>Obiectivul general al proiectului SUSTINWATER \u00eel constituie abordarea integrat\u0103 tehnic\u0103 \u0219i de eco-proiectare pentru sinteza \u0219i utilizarea materialelor inovative de tip compozite anorganice \/ polielectroliti pentru eliminarea simultan\u0103 a poluan\u021bilor prioritari \u0219i emergen\u021bi din apele uzate, reduc\u00e2nd astfel impacturile de mediu ale materialelor \u0219i apelor uzate Obiectivele specifice: OS1: Proiectarea, sinteza, caracterizarea \u0219i testarea sorbentilor &hellip; <a href=\"https:\/\/sustinwater.icpm.tuiasi.ro\/index.php\/obiective-si-activitati\/\" class=\"more-link\">Continue reading <span class=\"screen-reader-text\">Obiectivele proiectului<\/span><\/a><\/p>\n","protected":false},"author":1,"featured_media":0,"parent":0,"menu_order":0,"comment_status":"closed","ping_status":"closed","template":"","meta":[],"_links":{"self":[{"href":"https:\/\/sustinwater.icpm.tuiasi.ro\/index.php\/wp-json\/wp\/v2\/pages\/67"}],"collection":[{"href":"https:\/\/sustinwater.icpm.tuiasi.ro\/index.php\/wp-json\/wp\/v2\/pages"}],"about":[{"href":"https:\/\/sustinwater.icpm.tuiasi.ro\/index.php\/wp-json\/wp\/v2\/types\/page"}],"author":[{"embeddable":true,"href":"https:\/\/sustinwater.icpm.tuiasi.ro\/index.php\/wp-json\/wp\/v2\/users\/1"}],"replies":[{"embeddable":true,"href":"https:\/\/sustinwater.icpm.tuiasi.ro\/index.php\/wp-json\/wp\/v2\/comments?post=67"}],"version-history":[{"count":3,"href":"https:\/\/sustinwater.icpm.tuiasi.ro\/index.php\/wp-json\/wp\/v2\/pages\/67\/revisions"}],"predecessor-version":[{"id":238,"href":"https:\/\/sustinwater.icpm.tuiasi.ro\/index.php\/wp-json\/wp\/v2\/pages\/67\/revisions\/238"}],"wp:attachment":[{"href":"https:\/\/sustinwater.icpm.tuiasi.ro\/index.php\/wp-json\/wp\/v2\/media?parent=67"}],"curies":[{"name":"wp","href":"https:\/\/api.w.org\/{rel}","templated":true}]}}