{"id":613,"date":"2021-10-27T07:07:08","date_gmt":"2021-10-27T07:07:08","guid":{"rendered":"http:\/\/sustinwater.icpm.tuiasi.ro\/?page_id=613"},"modified":"2021-11-02T08:26:48","modified_gmt":"2021-11-02T08:26:48","slug":"dr-corina-petronela-musteret","status":"publish","type":"page","link":"https:\/\/sustinwater.icpm.tuiasi.ro\/index.php\/echipa\/dr-corina-petronela-musteret\/","title":{"rendered":"Dr. Corina-Petronela Musteret"},"content":{"rendered":"\n<div class=\"wp-block-image\"><figure class=\"alignleft size-full is-resized\"><img loading=\"lazy\" src=\"http:\/\/sustinwater.icpm.tuiasi.ro\/wp-content\/uploads\/Corina-PetronelaMusteret.jpg\" alt=\"\" class=\"wp-image-628\" width=\"146\" height=\"182\" srcset=\"https:\/\/sustinwater.icpm.tuiasi.ro\/wp-content\/uploads\/Corina-PetronelaMusteret.jpg 582w, https:\/\/sustinwater.icpm.tuiasi.ro\/wp-content\/uploads\/Corina-PetronelaMusteret-240x300.jpg 240w\" sizes=\"(max-width: 146px) 100vw, 146px\" \/><figcaption>Dr. Corina Musteret<\/figcaption><\/figure><\/div>\n\n\n\n<p class=\"has-text-align-left\">Corina-Petronela Mustere\u021b este \u0219ef &nbsp;lucr\u0103ri la Departamentul Ingineria \u0219i Managementul Mediului,Facultatea de Inginerie Chimic\u0103 \u0219i Protec\u021bia Mediului\u201eCristofor Simionescu\u201d, Universitatea Tehnic\u0103 \u201dGheorghe Asachi\u201d din Ia\u015fi. A absolvit \u00een 1999 programul de licen\u021b\u0103 Tehnologia si biotehnologia protec\u021biei mediului, \u00een 2006 programul de master Managementul mediului, &nbsp;iar in anul 2011 a ob\u021binut titlul \u0219tiin\u021bific de doctor \u00een domeniul Inginerie Chimic\u0103. Activitatea sa didactic\u0103 \u0219i de cercetare include domeniile: tehnologii de epurare conven\u021bional\u0103 \u0219i avansat\u0103 a apelor uzate municipale\/industriale, tehnologii de tratare a apei pentru potabilizare sau uz industrial, managementul integrat al resurselor de apa.<\/p>\n\n\n\n<p>Dowload CV:<\/p>\n\n\n\n<div class=\"wp-block-file\"><a href=\"http:\/\/sustinwater.icpm.tuiasi.ro\/wp-content\/uploads\/CV_RO_Corina-Petronela_Musteret.pdf\">CV RO Corina-Petronela Musteret<\/a><a href=\"http:\/\/sustinwater.icpm.tuiasi.ro\/wp-content\/uploads\/CV_RO_Corina-Petronela_Musteret.pdf\" class=\"wp-block-file__button\" download>Download<\/a><\/div>\n\n\n\n<div class=\"wp-block-file\"><a href=\"http:\/\/sustinwater.icpm.tuiasi.ro\/wp-content\/uploads\/CV_EN_Corina-Petronela_Musteret.pdf\">CV_EN Corina-Petronela Musteret<\/a><a href=\"http:\/\/sustinwater.icpm.tuiasi.ro\/wp-content\/uploads\/CV_EN_Corina-Petronela_Musteret.pdf\" class=\"wp-block-file__button\" download>Download<\/a><\/div>\n\n\n\n<p>go to: &lt;<a href=\"http:\/\/sustinwater.icpm.tuiasi.ro\/index.php\/project-team\/dr-corina-petronela-musteret-eng\/\" data-type=\"page\" data-id=\"784\">English bio<\/a>> &lt;<a href=\"http:\/\/sustinwater.icpm.tuiasi.ro\/index.php\/echipa\/\" data-type=\"page\" data-id=\"79\">Echipa proiectului<\/a>><\/p>\n","protected":false},"excerpt":{"rendered":"<p>Corina-Petronela Mustere\u021b este \u0219ef &nbsp;lucr\u0103ri la Departamentul Ingineria \u0219i Managementul Mediului,Facultatea de Inginerie Chimic\u0103 \u0219i Protec\u021bia Mediului\u201eCristofor Simionescu\u201d, Universitatea Tehnic\u0103 \u201dGheorghe Asachi\u201d din Ia\u015fi. A absolvit \u00een 1999 programul de licen\u021b\u0103 Tehnologia si biotehnologia protec\u021biei mediului, \u00een 2006 programul de master Managementul mediului, &nbsp;iar in anul 2011 a ob\u021binut titlul \u0219tiin\u021bific de doctor \u00een domeniul &hellip; <a href=\"https:\/\/sustinwater.icpm.tuiasi.ro\/index.php\/echipa\/dr-corina-petronela-musteret\/\" class=\"more-link\">Continue reading <span class=\"screen-reader-text\">Dr. Corina-Petronela Musteret<\/span><\/a><\/p>\n","protected":false},"author":1,"featured_media":0,"parent":79,"menu_order":0,"comment_status":"closed","ping_status":"closed","template":"","meta":[],"_links":{"self":[{"href":"https:\/\/sustinwater.icpm.tuiasi.ro\/index.php\/wp-json\/wp\/v2\/pages\/613"}],"collection":[{"href":"https:\/\/sustinwater.icpm.tuiasi.ro\/index.php\/wp-json\/wp\/v2\/pages"}],"about":[{"href":"https:\/\/sustinwater.icpm.tuiasi.ro\/index.php\/wp-json\/wp\/v2\/types\/page"}],"author":[{"embeddable":true,"href":"https:\/\/sustinwater.icpm.tuiasi.ro\/index.php\/wp-json\/wp\/v2\/users\/1"}],"replies":[{"embeddable":true,"href":"https:\/\/sustinwater.icpm.tuiasi.ro\/index.php\/wp-json\/wp\/v2\/comments?post=613"}],"version-history":[{"count":5,"href":"https:\/\/sustinwater.icpm.tuiasi.ro\/index.php\/wp-json\/wp\/v2\/pages\/613\/revisions"}],"predecessor-version":[{"id":805,"href":"https:\/\/sustinwater.icpm.tuiasi.ro\/index.php\/wp-json\/wp\/v2\/pages\/613\/revisions\/805"}],"up":[{"embeddable":true,"href":"https:\/\/sustinwater.icpm.tuiasi.ro\/index.php\/wp-json\/wp\/v2\/pages\/79"}],"wp:attachment":[{"href":"https:\/\/sustinwater.icpm.tuiasi.ro\/index.php\/wp-json\/wp\/v2\/media?parent=613"}],"curies":[{"name":"wp","href":"https:\/\/api.w.org\/{rel}","templated":true}]}}