{"id":541,"date":"2021-10-21T05:24:31","date_gmt":"2021-10-21T05:24:31","guid":{"rendered":"http:\/\/sustinwater.icpm.tuiasi.ro\/?page_id=541"},"modified":"2021-11-02T08:29:31","modified_gmt":"2021-11-02T08:29:31","slug":"dr-marcela-mihai","status":"publish","type":"page","link":"https:\/\/sustinwater.icpm.tuiasi.ro\/index.php\/echipa\/dr-marcela-mihai\/","title":{"rendered":"Dr. Marcela Mihai"},"content":{"rendered":"\n<div class=\"wp-block-image\"><figure class=\"alignleft size-large is-resized\"><img loading=\"lazy\" src=\"http:\/\/sustinwater.icpm.tuiasi.ro\/wp-content\/uploads\/MM-767x1024.jpg\" alt=\"\" class=\"wp-image-544\" width=\"192\" height=\"256\" srcset=\"https:\/\/sustinwater.icpm.tuiasi.ro\/wp-content\/uploads\/MM-767x1024.jpg 767w, https:\/\/sustinwater.icpm.tuiasi.ro\/wp-content\/uploads\/MM-225x300.jpg 225w, https:\/\/sustinwater.icpm.tuiasi.ro\/wp-content\/uploads\/MM-768x1025.jpg 768w, https:\/\/sustinwater.icpm.tuiasi.ro\/wp-content\/uploads\/MM.jpg 854w\" sizes=\"(max-width: 192px) 100vw, 192px\" \/><figcaption>Dr. Marcela Mihai<\/figcaption><\/figure><\/div>\n\n\n\n<p>Dr. Marcela Mihai este director \u0219tiin\u021bific \u0219i coordonator al Laboratorului de polimeri func\u021bionali din Institutul de chimie macromolecular\u0103 Petru Poni, Ia\u0219i. Principalele domenii de cercetare abordate sunt: sisteme complexe multicomponente bazate pe poliioni naturali \u0219i sintetici (sintez\u0103, caracterizare, aplica\u021bii). Dr. Marcela Mihai este specialist \u00een sinteza \u0219i caracterizarea micro \u0219i nanoparticulelor \u0219i microcapsulelor ob\u021binute din polimeri sintetici \u0219i naturali \u0219i a compozitelor organice \/ anorganice. De asemenea, Dr. Marcela Mihai dezvolt\u0103 \u0219i aplica\u021bii ale materialelor inteligente (sensibile la pH \u0219i \/ sau la t\u0103rie ionic\u0103) \u00een eliberarea controlat\u0103 a medicamentelor sau ca sorben\u021bi specializa\u021bi (selectivi, reutilizabili) pentru compu\u0219i organici (medicamente, coloran\u021bi) sau anorganici (ioni de metale grele).<\/p>\n\n\n\n<p>Download CV:<\/p>\n\n\n\n<div class=\"wp-block-file\"><a href=\"http:\/\/sustinwater.icpm.tuiasi.ro\/wp-content\/uploads\/CV-RO_MarcelaMihai.pdf\">CV-RO_dr.MarcelaMihai<\/a><a href=\"http:\/\/sustinwater.icpm.tuiasi.ro\/wp-content\/uploads\/CV-RO_MarcelaMihai.pdf\" class=\"wp-block-file__button\" download>Download<\/a><\/div>\n\n\n\n<p>go to: &lt;<a href=\"http:\/\/sustinwater.icpm.tuiasi.ro\/index.php\/echipa\/dr-marcela-mihai-eng\" data-type=\"page\">English bio<\/a>> &lt;<a href=\"http:\/\/sustinwater.icpm.tuiasi.ro\/index.php\/echipa\/\" data-type=\"page\" data-id=\"79\">Echipa proiectului<\/a>><\/p>\n\n\n\n<p><\/p>\n","protected":false},"excerpt":{"rendered":"<p>Dr. Marcela Mihai este director \u0219tiin\u021bific \u0219i coordonator al Laboratorului de polimeri func\u021bionali din Institutul de chimie macromolecular\u0103 Petru Poni, Ia\u0219i. Principalele domenii de cercetare abordate sunt: sisteme complexe multicomponente bazate pe poliioni naturali \u0219i sintetici (sintez\u0103, caracterizare, aplica\u021bii). Dr. Marcela Mihai este specialist \u00een sinteza \u0219i caracterizarea micro \u0219i nanoparticulelor \u0219i microcapsulelor ob\u021binute din &hellip; <a href=\"https:\/\/sustinwater.icpm.tuiasi.ro\/index.php\/echipa\/dr-marcela-mihai\/\" class=\"more-link\">Continue reading <span class=\"screen-reader-text\">Dr. Marcela Mihai<\/span><\/a><\/p>\n","protected":false},"author":1,"featured_media":0,"parent":79,"menu_order":0,"comment_status":"closed","ping_status":"closed","template":"","meta":[],"_links":{"self":[{"href":"https:\/\/sustinwater.icpm.tuiasi.ro\/index.php\/wp-json\/wp\/v2\/pages\/541"}],"collection":[{"href":"https:\/\/sustinwater.icpm.tuiasi.ro\/index.php\/wp-json\/wp\/v2\/pages"}],"about":[{"href":"https:\/\/sustinwater.icpm.tuiasi.ro\/index.php\/wp-json\/wp\/v2\/types\/page"}],"author":[{"embeddable":true,"href":"https:\/\/sustinwater.icpm.tuiasi.ro\/index.php\/wp-json\/wp\/v2\/users\/1"}],"replies":[{"embeddable":true,"href":"https:\/\/sustinwater.icpm.tuiasi.ro\/index.php\/wp-json\/wp\/v2\/comments?post=541"}],"version-history":[{"count":7,"href":"https:\/\/sustinwater.icpm.tuiasi.ro\/index.php\/wp-json\/wp\/v2\/pages\/541\/revisions"}],"predecessor-version":[{"id":811,"href":"https:\/\/sustinwater.icpm.tuiasi.ro\/index.php\/wp-json\/wp\/v2\/pages\/541\/revisions\/811"}],"up":[{"embeddable":true,"href":"https:\/\/sustinwater.icpm.tuiasi.ro\/index.php\/wp-json\/wp\/v2\/pages\/79"}],"wp:attachment":[{"href":"https:\/\/sustinwater.icpm.tuiasi.ro\/index.php\/wp-json\/wp\/v2\/media?parent=541"}],"curies":[{"name":"wp","href":"https:\/\/api.w.org\/{rel}","templated":true}]}}