{"id":508,"date":"2021-10-18T08:53:13","date_gmt":"2021-10-18T08:53:13","guid":{"rendered":"http:\/\/sustinwater.icpm.tuiasi.ro\/?page_id=508"},"modified":"2021-11-02T09:57:08","modified_gmt":"2021-11-02T09:57:08","slug":"dr-andreea-gherghel","status":"publish","type":"page","link":"https:\/\/sustinwater.icpm.tuiasi.ro\/index.php\/echipa\/dr-andreea-gherghel\/","title":{"rendered":"Dr. Andreea Gherghel"},"content":{"rendered":"\n<div class=\"wp-block-image\"><figure class=\"alignleft size-full\"><img loading=\"lazy\" width=\"169\" height=\"222\" src=\"http:\/\/sustinwater.icpm.tuiasi.ro\/wp-content\/uploads\/AndreeaG.jpg\" alt=\"\" class=\"wp-image-520\"\/><\/figure><\/div>\n\n\n\n<p>Dr.ing. Andreea Gherghel este asistent de cercetare stiin\u021bific\u0103 la Departamentul de Ingineria \u0219i Managementul Mediului, Facultatea de Inginerie Chimic\u0103 \u0219i Protec\u021bia Mediului &#8221; Cristofor Simionescu&#8221;, Universitatea Tehnic\u0103 \u201eGheorghe Asachi\u201d din Ia\u0219i. A absolvit \u00een 2014 programul de licen\u021b\u0103 Ingineria \u0219i protec\u021bia mediului \u00een industrie, \u00een 2016 programul de masterat Managementul mediului, iar din 2021 este doctor \u00een Inginerie Mediului.<\/p>\n\n\n\n<p>Download CV:<\/p>\n\n\n\n<div class=\"wp-block-file\"><a href=\"http:\/\/sustinwater.icpm.tuiasi.ro\/wp-content\/uploads\/CV_AGherghel_RO_2021.pdf\">CV_AGherghel_RO_2021<\/a><a href=\"http:\/\/sustinwater.icpm.tuiasi.ro\/wp-content\/uploads\/CV_AGherghel_RO_2021.pdf\" class=\"wp-block-file__button\" download>Download<\/a><\/div>\n\n\n\n<div class=\"wp-block-file\"><a href=\"http:\/\/sustinwater.icpm.tuiasi.ro\/wp-content\/uploads\/CV-AGherghel_ENG_2021.pdf\">CV-AGherghel_ENG_2021<\/a><a href=\"http:\/\/sustinwater.icpm.tuiasi.ro\/wp-content\/uploads\/CV-AGherghel_ENG_2021.pdf\" class=\"wp-block-file__button\" download>Download<\/a><\/div>\n\n\n\n<p>go to: <a href=\"http:\/\/sustinwater.icpm.tuiasi.ro\/index.php\/project-team\/dr-andreea-gherghel-eng\/\" data-type=\"page\">&lt;English bio<\/a>> &lt;<a href=\"http:\/\/sustinwater.icpm.tuiasi.ro\/index.php\/echipa\/\" data-type=\"page\" data-id=\"79\">Echipa proiectului<\/a>><\/p>\n","protected":false},"excerpt":{"rendered":"<p>Dr.ing. Andreea Gherghel este asistent de cercetare stiin\u021bific\u0103 la Departamentul de Ingineria \u0219i Managementul Mediului, Facultatea de Inginerie Chimic\u0103 \u0219i Protec\u021bia Mediului &#8221; Cristofor Simionescu&#8221;, Universitatea Tehnic\u0103 \u201eGheorghe Asachi\u201d din Ia\u0219i. A absolvit \u00een 2014 programul de licen\u021b\u0103 Ingineria \u0219i protec\u021bia mediului \u00een industrie, \u00een 2016 programul de masterat Managementul mediului, iar din 2021 este &hellip; <a href=\"https:\/\/sustinwater.icpm.tuiasi.ro\/index.php\/echipa\/dr-andreea-gherghel\/\" class=\"more-link\">Continue reading <span class=\"screen-reader-text\">Dr. Andreea Gherghel<\/span><\/a><\/p>\n","protected":false},"author":1,"featured_media":0,"parent":79,"menu_order":0,"comment_status":"closed","ping_status":"closed","template":"","meta":[],"_links":{"self":[{"href":"https:\/\/sustinwater.icpm.tuiasi.ro\/index.php\/wp-json\/wp\/v2\/pages\/508"}],"collection":[{"href":"https:\/\/sustinwater.icpm.tuiasi.ro\/index.php\/wp-json\/wp\/v2\/pages"}],"about":[{"href":"https:\/\/sustinwater.icpm.tuiasi.ro\/index.php\/wp-json\/wp\/v2\/types\/page"}],"author":[{"embeddable":true,"href":"https:\/\/sustinwater.icpm.tuiasi.ro\/index.php\/wp-json\/wp\/v2\/users\/1"}],"replies":[{"embeddable":true,"href":"https:\/\/sustinwater.icpm.tuiasi.ro\/index.php\/wp-json\/wp\/v2\/comments?post=508"}],"version-history":[{"count":6,"href":"https:\/\/sustinwater.icpm.tuiasi.ro\/index.php\/wp-json\/wp\/v2\/pages\/508\/revisions"}],"predecessor-version":[{"id":937,"href":"https:\/\/sustinwater.icpm.tuiasi.ro\/index.php\/wp-json\/wp\/v2\/pages\/508\/revisions\/937"}],"up":[{"embeddable":true,"href":"https:\/\/sustinwater.icpm.tuiasi.ro\/index.php\/wp-json\/wp\/v2\/pages\/79"}],"wp:attachment":[{"href":"https:\/\/sustinwater.icpm.tuiasi.ro\/index.php\/wp-json\/wp\/v2\/media?parent=508"}],"curies":[{"name":"wp","href":"https:\/\/api.w.org\/{rel}","templated":true}]}}