{"id":439,"date":"2021-10-18T06:55:28","date_gmt":"2021-10-18T06:55:28","guid":{"rendered":"http:\/\/sustinwater.icpm.tuiasi.ro\/?page_id=439"},"modified":"2021-11-02T09:26:33","modified_gmt":"2021-11-02T09:26:33","slug":"dr-florin-bucatariu","status":"publish","type":"page","link":"https:\/\/sustinwater.icpm.tuiasi.ro\/index.php\/echipa\/dr-florin-bucatariu\/","title":{"rendered":"Dr. Florin Bucatariu"},"content":{"rendered":"\n<div class=\"wp-block-image\"><figure class=\"alignleft size-full is-resized\"><img loading=\"lazy\" src=\"http:\/\/sustinwater.icpm.tuiasi.ro\/wp-content\/uploads\/FBucatariu.jpg\" alt=\"\" class=\"wp-image-442\" width=\"183\" height=\"207\"\/><figcaption>Dr. Florin Bucatariu<\/figcaption><\/figure><\/div>\n\n\n\n<p>Dr. chim. Florin Buc\u0103tariu este cercet\u0103tor \u015ftiin\u021bific gradul III la Institutul de Chimie Macromolecular\u0103 \u201cPetru Poni\u201d Ia\u015fi, \u00een cadrul Laboratorului de Polimeri Func\u021bionali. In anul 2000 a absolvit programul de licen\u021b\u0103 al Faculta\u021bii de Chimie, Universitatea \u201cAl I. Cuza\u201d Ia\u015fi, iar \u00een 2007 programul de masterat Biomateriale Polimerice al Facult\u0103\u021bii de Inginerie Chimic\u0103 \u0219i Protec\u021bia Mediului, Universitatea Tehnic\u0103 \u201eGheorghe Asachi\u201d din Ia\u015fi. Activitatea sa de cercetare include domeniile: <\/p>\n\n\n\n<p>1) modificarea suprafe\u021belor solide cu ajutorul polielectroli\u021bilor naturali \u015fi sintetici, <\/p>\n\n\n\n<p>2) crearea de materiale compozite utilizate \u020bn imobilizarea\/eliberarea diferitilor compu\u015fi organici sau anorganici dizolva\u021bi \u00een medii apoase.<\/p>\n\n\n\n<p>Download CV:<\/p>\n\n\n\n<div class=\"wp-block-file\"><a href=\"http:\/\/sustinwater.icpm.tuiasi.ro\/wp-content\/uploads\/CV_Bucatariu-Florin_Ro_2021.pdf\">CV_Bucatariu_Ro_2021<\/a><a href=\"http:\/\/sustinwater.icpm.tuiasi.ro\/wp-content\/uploads\/CV_Bucatariu-Florin_Ro_2021.pdf\" class=\"wp-block-file__button\" download>Download<\/a><\/div>\n\n\n\n<div class=\"wp-block-file\"><a href=\"http:\/\/sustinwater.icpm.tuiasi.ro\/wp-content\/uploads\/CV_FBucatariu-Florin_ENG_2021.pdf\">CV_FBucatariu_ENG_2021<\/a><a href=\"http:\/\/sustinwater.icpm.tuiasi.ro\/wp-content\/uploads\/CV_FBucatariu-Florin_ENG_2021.pdf\" class=\"wp-block-file__button\" download>Download<\/a><\/div>\n\n\n\n<p>go to: &lt;<a href=\"http:\/\/sustinwater.icpm.tuiasi.ro\/index.php\/project-team\/dr-florin-bucatariu-eng\/\" data-type=\"page\">English bio<\/a>> &lt;<a href=\"http:\/\/sustinwater.icpm.tuiasi.ro\/index.php\/echipa\/\" data-type=\"page\" data-id=\"79\">Echipa proiectului<\/a>><\/p>\n","protected":false},"excerpt":{"rendered":"<p>Dr. chim. Florin Buc\u0103tariu este cercet\u0103tor \u015ftiin\u021bific gradul III la Institutul de Chimie Macromolecular\u0103 \u201cPetru Poni\u201d Ia\u015fi, \u00een cadrul Laboratorului de Polimeri Func\u021bionali. In anul 2000 a absolvit programul de licen\u021b\u0103 al Faculta\u021bii de Chimie, Universitatea \u201cAl I. Cuza\u201d Ia\u015fi, iar \u00een 2007 programul de masterat Biomateriale Polimerice al Facult\u0103\u021bii de Inginerie Chimic\u0103 \u0219i Protec\u021bia &hellip; <a href=\"https:\/\/sustinwater.icpm.tuiasi.ro\/index.php\/echipa\/dr-florin-bucatariu\/\" class=\"more-link\">Continue reading <span class=\"screen-reader-text\">Dr. Florin Bucatariu<\/span><\/a><\/p>\n","protected":false},"author":1,"featured_media":0,"parent":79,"menu_order":0,"comment_status":"closed","ping_status":"closed","template":"","meta":[],"_links":{"self":[{"href":"https:\/\/sustinwater.icpm.tuiasi.ro\/index.php\/wp-json\/wp\/v2\/pages\/439"}],"collection":[{"href":"https:\/\/sustinwater.icpm.tuiasi.ro\/index.php\/wp-json\/wp\/v2\/pages"}],"about":[{"href":"https:\/\/sustinwater.icpm.tuiasi.ro\/index.php\/wp-json\/wp\/v2\/types\/page"}],"author":[{"embeddable":true,"href":"https:\/\/sustinwater.icpm.tuiasi.ro\/index.php\/wp-json\/wp\/v2\/users\/1"}],"replies":[{"embeddable":true,"href":"https:\/\/sustinwater.icpm.tuiasi.ro\/index.php\/wp-json\/wp\/v2\/comments?post=439"}],"version-history":[{"count":6,"href":"https:\/\/sustinwater.icpm.tuiasi.ro\/index.php\/wp-json\/wp\/v2\/pages\/439\/revisions"}],"predecessor-version":[{"id":898,"href":"https:\/\/sustinwater.icpm.tuiasi.ro\/index.php\/wp-json\/wp\/v2\/pages\/439\/revisions\/898"}],"up":[{"embeddable":true,"href":"https:\/\/sustinwater.icpm.tuiasi.ro\/index.php\/wp-json\/wp\/v2\/pages\/79"}],"wp:attachment":[{"href":"https:\/\/sustinwater.icpm.tuiasi.ro\/index.php\/wp-json\/wp\/v2\/media?parent=439"}],"curies":[{"name":"wp","href":"https:\/\/api.w.org\/{rel}","templated":true}]}}