{"id":1529,"date":"2023-12-03T06:44:29","date_gmt":"2023-12-03T06:44:29","guid":{"rendered":"https:\/\/sustinwater.icpm.tuiasi.ro\/?page_id=1529"},"modified":"2023-12-03T06:44:29","modified_gmt":"2023-12-03T06:44:29","slug":"dr-oana-plavan","status":"publish","type":"page","link":"https:\/\/sustinwater.icpm.tuiasi.ro\/index.php\/project-team\/dr-oana-plavan\/","title":{"rendered":"Dr. Oana Plavan"},"content":{"rendered":"\n<div class=\"wp-block-image\"><figure class=\"alignleft size-full\"><img loading=\"lazy\" width=\"290\" height=\"316\" src=\"https:\/\/sustinwater.icpm.tuiasi.ro\/wp-content\/uploads\/Oana_Plavan.jpg\" alt=\"\" class=\"wp-image-1532\" srcset=\"https:\/\/sustinwater.icpm.tuiasi.ro\/wp-content\/uploads\/Oana_Plavan.jpg 290w, https:\/\/sustinwater.icpm.tuiasi.ro\/wp-content\/uploads\/Oana_Plavan-275x300.jpg 275w\" sizes=\"(max-width: 290px) 100vw, 290px\" \/><\/figure><\/div>\n\n\n\n<p>Dr. Oana Plavan este asistent de cercetare stiin\u021bific\u0103 la Departamentul de Ingineria \u0219i Managementul Mediului, Facultatea de Inginerie Chimic\u0103 \u0219i Protec\u021bia Mediului &#8221; Cristofor Simionescu&#8221;, Universitatea Tehnic\u0103 \u201eGheorghe Asachi\u201d din Ia\u0219i. <br>A ob\u021binut \u00een 2009 diploma de licen\u021b\u0103 \u00een \u0218tiin\u021ba mediului, \u00een 2016 o diplom\u0103 de master \u00een Consilere de mediu, ambele la Universitatea Alexandru Ioan Cuza din Ia\u0219i, iar din 2015 este doctor \u00een Ingineria Mediului la Universitatea Tehnic\u0103 Gheorghe Asachi din Ia\u0219i.<\/p>\n\n\n\n<p>Download CV:<\/p>\n\n\n\n<div class=\"wp-block-file\"><a href=\"http:\/\/sustinwater.icpm.tuiasi.ro\/wp-content\/uploads\/CV_Plavan-Oana-Alexandra_.pdf\">CV_Plavan-Oana-Alexandra_<\/a><a href=\"http:\/\/sustinwater.icpm.tuiasi.ro\/wp-content\/uploads\/CV_Plavan-Oana-Alexandra_.pdf\" class=\"wp-block-file__button\" download>Download<\/a><\/div>\n\n\n\n<div class=\"wp-block-file\"><a href=\"https:\/\/sustinwater.icpm.tuiasi.ro\/wp-content\/uploads\/CV_Plavan-Oana-Alexandra_en_docx.pdf\">CV_Plavan-Oana-Alexandra_en_docx<\/a><a href=\"https:\/\/sustinwater.icpm.tuiasi.ro\/wp-content\/uploads\/CV_Plavan-Oana-Alexandra_en_docx.pdf\" class=\"wp-block-file__button\" download>Download<\/a><\/div>\n\n\n\n<p>go to: <a href=\"http:\/\/sustinwater.icpm.tuiasi.ro\/index.php\/project-team\/dr-oana-plavan-eng\/\" data-type=\"page\">&lt;English bio<\/a>> &lt;<a href=\"http:\/\/sustinwater.icpm.tuiasi.ro\/index.php\/echipa\/\" data-type=\"page\" data-id=\"79\">Echipa proiectului<\/a>><\/p>\n","protected":false},"excerpt":{"rendered":"<p>Dr. Oana Plavan este asistent de cercetare stiin\u021bific\u0103 la Departamentul de Ingineria \u0219i Managementul Mediului, Facultatea de Inginerie Chimic\u0103 \u0219i Protec\u021bia Mediului &#8221; Cristofor Simionescu&#8221;, Universitatea Tehnic\u0103 \u201eGheorghe Asachi\u201d din Ia\u0219i. A ob\u021binut \u00een 2009 diploma de licen\u021b\u0103 \u00een \u0218tiin\u021ba mediului, \u00een 2016 o diplom\u0103 de master \u00een Consilere de mediu, ambele la Universitatea Alexandru &hellip; <a href=\"https:\/\/sustinwater.icpm.tuiasi.ro\/index.php\/project-team\/dr-oana-plavan\/\" class=\"more-link\">Continue reading <span class=\"screen-reader-text\">Dr. Oana Plavan<\/span><\/a><\/p>\n","protected":false},"author":1,"featured_media":0,"parent":154,"menu_order":5,"comment_status":"closed","ping_status":"closed","template":"","meta":[],"_links":{"self":[{"href":"https:\/\/sustinwater.icpm.tuiasi.ro\/index.php\/wp-json\/wp\/v2\/pages\/1529"}],"collection":[{"href":"https:\/\/sustinwater.icpm.tuiasi.ro\/index.php\/wp-json\/wp\/v2\/pages"}],"about":[{"href":"https:\/\/sustinwater.icpm.tuiasi.ro\/index.php\/wp-json\/wp\/v2\/types\/page"}],"author":[{"embeddable":true,"href":"https:\/\/sustinwater.icpm.tuiasi.ro\/index.php\/wp-json\/wp\/v2\/users\/1"}],"replies":[{"embeddable":true,"href":"https:\/\/sustinwater.icpm.tuiasi.ro\/index.php\/wp-json\/wp\/v2\/comments?post=1529"}],"version-history":[{"count":1,"href":"https:\/\/sustinwater.icpm.tuiasi.ro\/index.php\/wp-json\/wp\/v2\/pages\/1529\/revisions"}],"predecessor-version":[{"id":1541,"href":"https:\/\/sustinwater.icpm.tuiasi.ro\/index.php\/wp-json\/wp\/v2\/pages\/1529\/revisions\/1541"}],"up":[{"embeddable":true,"href":"https:\/\/sustinwater.icpm.tuiasi.ro\/index.php\/wp-json\/wp\/v2\/pages\/154"}],"wp:attachment":[{"href":"https:\/\/sustinwater.icpm.tuiasi.ro\/index.php\/wp-json\/wp\/v2\/media?parent=1529"}],"curies":[{"name":"wp","href":"https:\/\/api.w.org\/{rel}","templated":true}]}}